{"id":5190,"date":"2026-04-25T19:41:41","date_gmt":"2026-04-25T19:41:41","guid":{"rendered":"https:\/\/www.controlit.ai\/?page_id=5190"},"modified":"2026-04-25T19:42:41","modified_gmt":"2026-04-25T19:42:41","slug":"caso-centralizacion","status":"publish","type":"page","link":"https:\/\/www.controlit.ai\/es\/caso-centralizacion\/","title":{"rendered":"Caso: Centralizaci\u00f3n"},"content":{"rendered":"\n<div class=\"wp-block-columns has-secondary-background-color has-background is-layout-flex wp-container-5\" style=\"padding-top:var(--wp--preset--spacing--70);padding-bottom:var(--wp--preset--spacing--70)\">\n<div class=\"wp-block-column is-layout-flow\">\n<div class=\"wp-block-columns is-layout-flex wp-container-3\">\n<div class=\"wp-block-column is-vertically-aligned-center is-layout-flow\" style=\"flex-basis:33.33%\">\n<p class=\"has-text-align-center has-pale-pink-color has-text-color has-large-font-size\"><strong class=\"has-large-font-size\">Caso Real<\/strong><\/p>\n\n\n\n<hr class=\"wp-block-separator has-text-color has-primary-color has-alpha-channel-opacity has-primary-background-color has-background is-style-wide\"\/>\n\n\n\n<p class=\"has-text-align-center has-large-font-size\"><strong class=\"has-large-font-size\">Industria<\/strong><br><span class=\"has-medium-font-size\">Salud<\/span><\/p>\n\n\n\n<hr class=\"wp-block-separator has-text-color has-primary-color has-alpha-channel-opacity has-primary-background-color has-background is-style-wide\"\/>\n\n\n\n<p class=\"has-text-align-center has-large-font-size\"><strong class=\"has-large-font-size\">Empleados<\/strong><br><span class=\"has-medium-font-size\">+10.000<\/span><\/p>\n\n\n\n<hr class=\"wp-block-separator has-text-color has-primary-color has-alpha-channel-opacity has-primary-background-color has-background is-style-wide\"\/>\n\n\n\n<p class=\"has-text-align-center has-large-font-size\"><strong>Fuentes de Datos<\/strong><br><span class=\"has-medium-font-size\">M\u00faltiples<\/span><\/p>\n<\/div>\n\n\n\n<div class=\"wp-block-column is-vertically-aligned-center is-layout-flow\" style=\"flex-basis:66.66%\">\n<p><strong><mark style=\"background-color:rgba(0, 0, 0, 0)\" class=\"has-inline-color has-tertiary-color\">Problema:<\/mark> <\/strong>El holding se compone de diferentes empresas, las cuales a su vez utilizan diferentes sistemas, independientes entre si, lo cual dificultaba enormemente al poder hacer inteligencia de negocio a nivel global.<\/p>\n\n\n\n<p><strong><strong><mark style=\"background-color:rgba(0, 0, 0, 0)\" class=\"has-inline-color has-tertiary-color\">Soluci\u00f3<\/mark><\/strong><\/strong><mark style=\"background-color:rgba(0, 0, 0, 0)\" class=\"has-inline-color has-tertiary-color\"><strong><strong>n:<\/strong><\/strong> <\/mark>Nos conectamos diariamente a diversas fuentes de datos (bases de datos, APIs, archivos Excel, entre otras) para obtener los miles de millones de datos que finalmente centralizamos en el datawarehouse del holding que corre en BigQuery de Google.<\/p>\n\n\n\n<p><strong><mark style=\"background-color:rgba(0, 0, 0, 0)\" class=\"has-inline-color has-tertiary-color\">Beneficio:<\/mark><\/strong> La centralizaci\u00f3n de datos ha proporcionado al holding una visi\u00f3n integral de todas las operaciones en sus centros, generando significativos beneficios en diversas \u00e1reas de la empresa, como por ejemplo en el area de abastecimiento, que ahora tiene mayor poder de negociaci\u00f3n ya que puede realizar las compras de insumos a nivel de holding y no s\u00f3lo de centros por separado.<\/p>\n<\/div>\n<\/div>\n<\/div>\n<\/div>\n\n\n\n<hr class=\"wp-block-separator alignfull has-text-color has-cyan-bluish-gray-color has-alpha-channel-opacity has-cyan-bluish-gray-background-color has-background is-style-wide\" style=\"margin-top:var(--wp--preset--spacing--70)\"\/>\n","protected":false},"excerpt":{"rendered":"<p>Caso Real IndustriaSalud Empleados+10.000 Fuentes de DatosM\u00faltiples Problema: El holding se compone de diferentes empresas, las cuales a su vez utilizan diferentes sistemas, independientes entre si, lo cual dificultaba enormemente al poder hacer inteligencia de negocio a nivel global. Soluci\u00f3n: Nos conectamos diariamente a diversas fuentes de datos (bases de datos, APIs, archivos Excel, entre [&hellip;]<\/p>\n","protected":false},"author":1,"featured_media":0,"parent":0,"menu_order":0,"comment_status":"closed","ping_status":"closed","template":"","meta":{"inline_featured_image":false},"_links":{"self":[{"href":"https:\/\/www.controlit.ai\/es\/wp-json\/wp\/v2\/pages\/5190"}],"collection":[{"href":"https:\/\/www.controlit.ai\/es\/wp-json\/wp\/v2\/pages"}],"about":[{"href":"https:\/\/www.controlit.ai\/es\/wp-json\/wp\/v2\/types\/page"}],"author":[{"embeddable":true,"href":"https:\/\/www.controlit.ai\/es\/wp-json\/wp\/v2\/users\/1"}],"replies":[{"embeddable":true,"href":"https:\/\/www.controlit.ai\/es\/wp-json\/wp\/v2\/comments?post=5190"}],"version-history":[{"count":2,"href":"https:\/\/www.controlit.ai\/es\/wp-json\/wp\/v2\/pages\/5190\/revisions"}],"predecessor-version":[{"id":5192,"href":"https:\/\/www.controlit.ai\/es\/wp-json\/wp\/v2\/pages\/5190\/revisions\/5192"}],"wp:attachment":[{"href":"https:\/\/www.controlit.ai\/es\/wp-json\/wp\/v2\/media?parent=5190"}],"curies":[{"name":"wp","href":"https:\/\/api.w.org\/{rel}","templated":true}]}}