{"id":3592,"date":"2024-03-10T20:35:47","date_gmt":"2024-03-10T20:35:47","guid":{"rendered":"https:\/\/www.controlit.ai\/?page_id=3592"},"modified":"2026-04-25T20:03:14","modified_gmt":"2026-04-25T20:03:14","slug":"caso-integracion","status":"publish","type":"page","link":"https:\/\/www.controlit.ai\/es\/caso-integracion\/","title":{"rendered":"Caso: Integraci\u00f3n"},"content":{"rendered":"\n<div class=\"wp-block-columns has-secondary-background-color has-background is-layout-flex wp-container-5\" style=\"padding-top:var(--wp--preset--spacing--70);padding-bottom:var(--wp--preset--spacing--70)\">\n<div class=\"wp-block-column is-layout-flow\">\n<div class=\"wp-block-columns is-layout-flex wp-container-3\">\n<div class=\"wp-block-column is-vertically-aligned-center is-layout-flow\" style=\"flex-basis:33.33%\">\n<p class=\"has-text-align-center has-pale-pink-color has-text-color has-large-font-size\"><strong class=\"has-large-font-size\"><strong>Caso Real<\/strong><\/strong><\/p>\n\n\n\n<hr class=\"wp-block-separator has-text-color has-primary-color has-alpha-channel-opacity has-primary-background-color has-background is-style-wide\"\/>\n\n\n\n<p class=\"has-text-align-center has-large-font-size\"><strong class=\"has-large-font-size\">Industria<\/strong><br><span class=\"has-medium-font-size\">Log\u00edstica<\/span><\/p>\n\n\n\n<hr class=\"wp-block-separator has-text-color has-primary-color has-alpha-channel-opacity has-primary-background-color has-background is-style-wide\"\/>\n\n\n\n<p class=\"has-text-align-center has-large-font-size\"><strong class=\"has-large-font-size\">Empleados<\/strong><br><span class=\"has-medium-font-size\">+500<\/span><\/p>\n\n\n\n<hr class=\"wp-block-separator has-text-color has-primary-color has-alpha-channel-opacity has-primary-background-color has-background is-style-wide\"\/>\n\n\n\n<p class=\"has-text-align-center has-large-font-size\"><strong class=\"has-large-font-size\">Sistemas<\/strong><br><span class=\"has-medium-font-size\">Alertran \/ Beetrack<\/span><\/p>\n<\/div>\n\n\n\n<div class=\"wp-block-column is-vertically-aligned-center is-layout-flow\" style=\"flex-basis:66.66%\">\n<p><strong><mark style=\"background-color:rgba(0, 0, 0, 0)\" class=\"has-inline-color has-tertiary-color\">Problema:<\/mark> <\/strong>Integrar bidireccionalmente los sistemas log\u00edsticos de clientes, como Beetrack, con el sistema log\u00edstico Alertr\u00e1n<\/p>\n\n\n\n<p><strong><mark style=\"background-color:rgba(0, 0, 0, 0)\" class=\"has-inline-color has-tertiary-color\">Soluci\u00f3n:<\/mark><\/strong> A trav\u00e9s de nuestra plataforma de flujo de datos, implementamos los diferentes WebHooks para que los sistemas log\u00edsiticos inyectaran los datos de las entregas y que estos a su vez fueran inyectados a Alertr\u00e1n por medio de una API. Un proceso similar se utiliza para la comunicaci\u00f3n desde Alertr\u00e1n a los sistemas de los clientes, con lo cual se logra la comunicaci\u00f3n bidireccional, permitiendo la sincronizaci\u00f3n de datos en l\u00ednea entre los diferentes sistemas.<\/p>\n\n\n\n<p><strong><mark style=\"background-color:rgba(0, 0, 0, 0)\" class=\"has-inline-color has-tertiary-color\">Beneficio:<\/mark><\/strong> Esta capacidad de interconexi\u00f3n con diferentes sistemas ha proporcionado a la empresa una ventaja competitiva significativa, permiti\u00e9ndole ofrecer servicios mejorados a sus clientes.<\/p>\n<\/div>\n<\/div>\n<\/div>\n<\/div>\n\n\n\n<hr class=\"wp-block-separator alignfull has-text-color has-cyan-bluish-gray-color has-alpha-channel-opacity has-cyan-bluish-gray-background-color has-background is-style-wide\" style=\"margin-top:var(--wp--preset--spacing--70)\"\/>\n","protected":false},"excerpt":{"rendered":"<p>Caso Real IndustriaLog\u00edstica Empleados+500 SistemasAlertran \/ Beetrack Problema: Integrar bidireccionalmente los sistemas log\u00edsticos de clientes, como Beetrack, con el sistema log\u00edstico Alertr\u00e1n Soluci\u00f3n: A trav\u00e9s de nuestra plataforma de flujo de datos, implementamos los diferentes WebHooks para que los sistemas log\u00edsiticos inyectaran los datos de las entregas y que estos a su vez fueran inyectados [&hellip;]<\/p>\n","protected":false},"author":1,"featured_media":0,"parent":0,"menu_order":0,"comment_status":"closed","ping_status":"closed","template":"","meta":{"inline_featured_image":false},"_links":{"self":[{"href":"https:\/\/www.controlit.ai\/es\/wp-json\/wp\/v2\/pages\/3592"}],"collection":[{"href":"https:\/\/www.controlit.ai\/es\/wp-json\/wp\/v2\/pages"}],"about":[{"href":"https:\/\/www.controlit.ai\/es\/wp-json\/wp\/v2\/types\/page"}],"author":[{"embeddable":true,"href":"https:\/\/www.controlit.ai\/es\/wp-json\/wp\/v2\/users\/1"}],"replies":[{"embeddable":true,"href":"https:\/\/www.controlit.ai\/es\/wp-json\/wp\/v2\/comments?post=3592"}],"version-history":[{"count":675,"href":"https:\/\/www.controlit.ai\/es\/wp-json\/wp\/v2\/pages\/3592\/revisions"}],"predecessor-version":[{"id":5183,"href":"https:\/\/www.controlit.ai\/es\/wp-json\/wp\/v2\/pages\/3592\/revisions\/5183"}],"wp:attachment":[{"href":"https:\/\/www.controlit.ai\/es\/wp-json\/wp\/v2\/media?parent=3592"}],"curies":[{"name":"wp","href":"https:\/\/api.w.org\/{rel}","templated":true}]}}