{"id":5182,"date":"2026-04-25T19:14:50","date_gmt":"2026-04-25T19:14:50","guid":{"rendered":"https:\/\/www.controlit.ai\/?page_id=5182"},"modified":"2026-04-25T20:02:51","modified_gmt":"2026-04-25T20:02:51","slug":"caso-automatizacion","status":"publish","type":"page","link":"https:\/\/www.controlit.ai\/en\/caso-automatizacion\/","title":{"rendered":"Caso:Automatizaci\u00f3n"},"content":{"rendered":"<div class=\"wp-block-columns has-secondary-background-color has-background is-layout-flex wp-container-5\" style=\"padding-top:var(--wp--preset--spacing--70);padding-bottom:var(--wp--preset--spacing--70)\">\n<div class=\"wp-block-column is-layout-flow\">\n<div class=\"wp-block-columns is-layout-flex wp-container-3\">\n<div class=\"wp-block-column is-vertically-aligned-center is-layout-flow\" style=\"flex-basis:33.33%\">\n<p class=\"has-text-align-center has-pale-pink-color has-text-color has-large-font-size\"><strong class=\"has-large-font-size\">Real Case<\/strong><\/p>\n\n\n\n<hr class=\"wp-block-separator has-text-color has-primary-color has-alpha-channel-opacity has-primary-background-color has-background is-style-wide\"\/>\n\n\n\n<p class=\"has-text-align-center has-large-font-size\"><strong class=\"has-large-font-size\">Industry<\/strong><br><span class=\"has-medium-font-size\">Real Estate<\/span><\/p>\n\n\n\n<hr class=\"wp-block-separator has-text-color has-primary-color has-alpha-channel-opacity has-primary-background-color has-background is-style-wide\"\/>\n\n\n\n<p class=\"has-text-align-center has-large-font-size\"><strong class=\"has-large-font-size\">Employees<\/strong><br><span class=\"has-medium-font-size\">+5.000<\/span><\/p>\n\n\n\n<hr class=\"wp-block-separator has-text-color has-primary-color has-alpha-channel-opacity has-primary-background-color has-background is-style-wide\"\/>\n\n\n\n<p class=\"has-text-align-center has-large-font-size\"><strong>Type<\/strong><br><span class=\"has-medium-font-size\">Web RPA<\/span><\/p>\n<\/div>\n\n\n\n<div class=\"wp-block-column is-vertically-aligned-center is-layout-flow\" style=\"flex-basis:66.66%\">\n<p><strong><mark style=\"background-color:rgba(0, 0, 0, 0)\" class=\"has-inline-color has-tertiary-color\">Problem:<\/mark> <\/strong>Synchronize and consolidate information daily from multiple current accounts across different banking entities, along with the corresponding ERP system data.<\/p>\n\n\n\n<p><strong><mark style=\"background-color:rgba(0, 0, 0, 0)\" class=\"has-inline-color has-tertiary-color\">Solution:<\/mark><\/strong> We created different Robotic Process Automation (RPA) workflows to automate the daily extraction of data from various banks' websites. Additionally, we integrated information from the SAP\/ERP system. All of this data was consolidated in a single Postgres database, used to generate dashboards. Our platform also automatically generates Excel files from this database, which are then sent to different users.<\/p>\n\n\n\n<p><strong><mark style=\"background-color:rgba(0, 0, 0, 0)\" class=\"has-inline-color has-tertiary-color\">Beneficio<\/mark><mark style=\"background-color:rgba(0, 0, 0, 0)\" class=\"has-inline-color has-primary-color\">:<\/mark><\/strong> Thanks to this solution, the entity managed to improve the efficiency of its financial management, reduce personnel costs involved in the process, and enhance decision-making.<\/p>\n<\/div>\n<\/div>\n<\/div>\n<\/div>\n\n\n\n<hr class=\"wp-block-separator alignfull has-text-color has-cyan-bluish-gray-color has-alpha-channel-opacity has-cyan-bluish-gray-background-color has-background is-style-wide\" style=\"margin-top:var(--wp--preset--spacing--70)\"\/>","protected":false},"excerpt":{"rendered":"<p>Caso Real IndustriaInmobiliaria Empleados+5.000 TipoWeb RPA Problema: Sincronizar y consolidar diariamente informaci\u00f3n proveniente de m\u00faltiples cuentas corrientes de diferentes entidades bancarias, junto con la informaci\u00f3n del sistema ERP correspondiente. Soluci\u00f3n: Creamos diferentes Procesos Robots (RPA) para automatizar la extracci\u00f3n diaria de los datos desde las diferentes p\u00e1ginas web de los bancos. Adem\u00e1s integramos informaci\u00f3n proveniente [&hellip;]<\/p>","protected":false},"author":1,"featured_media":0,"parent":0,"menu_order":0,"comment_status":"closed","ping_status":"closed","template":"","meta":{"inline_featured_image":false},"_links":{"self":[{"href":"https:\/\/www.controlit.ai\/en\/wp-json\/wp\/v2\/pages\/5182"}],"collection":[{"href":"https:\/\/www.controlit.ai\/en\/wp-json\/wp\/v2\/pages"}],"about":[{"href":"https:\/\/www.controlit.ai\/en\/wp-json\/wp\/v2\/types\/page"}],"author":[{"embeddable":true,"href":"https:\/\/www.controlit.ai\/en\/wp-json\/wp\/v2\/users\/1"}],"replies":[{"embeddable":true,"href":"https:\/\/www.controlit.ai\/en\/wp-json\/wp\/v2\/comments?post=5182"}],"version-history":[{"count":4,"href":"https:\/\/www.controlit.ai\/en\/wp-json\/wp\/v2\/pages\/5182\/revisions"}],"predecessor-version":[{"id":5197,"href":"https:\/\/www.controlit.ai\/en\/wp-json\/wp\/v2\/pages\/5182\/revisions\/5197"}],"wp:attachment":[{"href":"https:\/\/www.controlit.ai\/en\/wp-json\/wp\/v2\/media?parent=5182"}],"curies":[{"name":"wp","href":"https:\/\/api.w.org\/{rel}","templated":true}]}}